


{"id":598,"date":"2017-09-13T13:49:01","date_gmt":"2017-09-13T13:49:01","guid":{"rendered":"http:\/\/travesia.axiomthemes.com\/?page_id=598"},"modified":"2021-06-01T14:49:30","modified_gmt":"2021-06-01T14:49:30","slug":"ejemplodestino","status":"publish","type":"page","link":"https:\/\/lunasdemiel.voiash.es\/index.php\/ejemplodestino\/","title":{"rendered":"Maldivas"},"content":{"rendered":"<p>[vc_row][vc_column][vc_empty_space alter_height=&#8221;small&#8221; hide_on_desktop=&#8221;&#8221; hide_on_notebook=&#8221;&#8221; hide_on_tablet=&#8221;&#8221; hide_on_mobile=&#8221;&#8221;][\/vc_column][\/vc_row][vc_row][vc_column width=&#8221;2\/3&#8243;][vc_tta_tabs][vc_tta_section title=&#8221;Informacion&#8221; tab_id=&#8221;1622475466673-9b012c1e-a770&#8243;][vc_row_inner][vc_column_inner][vc_column_text]La duracion del viaje constara de 8 dias y 5 noches. El complejo tiene 2 piscinas de agua dulce al aire libre, 3 pistas de tenis y un centro de fitness. En el spa de Veli se proporcionan una gran variedad de tratamientos, como los exclusivos de Dhivehi Beys, y los tradicionales y modernos. Tambien se organizan excursiones personalizadas, salidas a pescar y un servicio de tranporte entre islas.<\/p>\n<p>Las habitaciones y villas de lujo disponen de terraza privada con vistas a la playa, TV por cable\/satelite, caja fuerte, escritorio, nevera, set de te\/cafe y ba\u00f1o privado con ba\u00f1era y ducha. Ademas incluyen bolsa de playa, zapatillas y hervidor de agua.<\/p>\n<p>Los restaurantes de Kurumba proponen una gran variedad de platos. El sal\u00f3n Fez ofrece una gran selecci\u00f3n de shisha, c\u00f3cteles y aperitivos. El bar Athiri es el mejor lugar para disfrutar de unas vistas magn\u00edficas al atardecer, mientras que el bar Kandu ofrece m\u00fasica en directo<\/p>\n<p>[\/vc_column_text][vc_empty_space alter_height=&#8221;small&#8221; hide_on_desktop=&#8221;&#8221; hide_on_notebook=&#8221;&#8221; hide_on_tablet=&#8221;&#8221; hide_on_mobile=&#8221;&#8221;][vc_column_text]<\/p>\n<h3 class=\"sidebar__title\">A tener en cuenta<\/h3>\n<ul>\n<li class=\"ng-star-inserted\">Un viaje para que tu puedas elegir la duraci\u00f3n de tu estancia, el hotel, r\u00e9gimen y tipo de habitaci\u00f3n que quieras llevar contratado.<\/li>\n<li class=\"ng-star-inserted\">En las siguientes p\u00e1ginas te proponemos unos ejemplos de hoteles a elegir en la islas Maldivas, pero tenemos muchos m\u00e1s, de todas las categor\u00edas, desde hoteles m\u00e1s economicos, a hoteles de gran lujo.<\/li>\n<li class=\"ng-star-inserted\">En los hoteles de Maldivas que el traslado es en hidroavi\u00f3n, el vuelo deber\u00e1 de llegar antes de las 15.00 hrs. para poder realizar el traslado.<\/li>\n<\/ul>\n<p>[\/vc_column_text][\/vc_column_inner][\/vc_row_inner][\/vc_tta_section][vc_tta_section title=&#8221;Itinerario&#8221; tab_id=&#8221;1622475466696-103ddb15-29f9&#8243;][vc_column_text]<\/p>\n<div class=\"mat-tab-body-content ng-tns-c130-9 ng-trigger ng-trigger-translateTab\">\n<div class=\"tab__content itinerario ng-star-inserted\">\n<div class=\"itinerario__single ng-star-inserted\">\n<h3 style=\"text-align: center;\"><strong>D\u00eda 1: Ciudad de Origen-Maldivas<\/strong><\/h3>\n<div class=\"content\" style=\"text-align: center;\">\n<div class=\"content__description\">Vuelo de salida a Male, capital de las Islas Maldivas. Noche a bordo.<\/div>\n<p>&nbsp;<\/p>\n<\/div>\n<\/div>\n<div class=\"itinerario__single ng-star-inserted\" style=\"text-align: center;\">\n<h3><strong>D\u00eda 2: Maldivas<\/strong><\/h3>\n<div class=\"content\">\n<div class=\"content__description\">Llegada y traslado al hotel. El traslado podr\u00e1 ser en lancha r\u00e1pida, hidroavi\u00f3n, o vuelo interno + lancha r\u00e1pida, seg\u00fan hotel seleccionado. Alojamiento en la habitaci\u00f3n y r\u00e9gimen seleccionado.<\/div>\n<p>&nbsp;<\/p>\n<\/div>\n<\/div>\n<div class=\"itinerario__single ng-star-inserted\" style=\"text-align: center;\">\n<h3><strong>D\u00eda 3: Maldivas<\/strong><\/h3>\n<div class=\"content\">\n<div class=\"content__description\">D\u00eda libre a tu disposici\u00f3n, donde podr\u00e1s disfrutar en uno los destinos m\u00e1s bellos del mundo, con unos fondos marinos realmente espectaculares. Alojamiento en la habitaci\u00f3n y r\u00e9gimen seleccionado.<\/div>\n<p>&nbsp;<\/p>\n<\/div>\n<\/div>\n<div class=\"itinerario__single ng-star-inserted\" style=\"text-align: center;\">\n<h3><strong>D\u00eda 4: Maldivas<\/strong><\/h3>\n<div class=\"content\">\n<div class=\"content__description\">D\u00eda libre a tu disposici\u00f3n. Alojamiento en la habitaci\u00f3n y r\u00e9gimen seleccionado.<\/div>\n<p>&nbsp;<\/p>\n<\/div>\n<\/div>\n<div class=\"itinerario__single ng-star-inserted\" style=\"text-align: center;\">\n<h3><strong>D\u00eda 5: Maldivas<\/strong><\/h3>\n<div class=\"content\">\n<div class=\"content__description\">D\u00eda libre a tu disposici\u00f3n. Alojamiento en la habitaci\u00f3n y r\u00e9gimen seleccionado.<\/div>\n<p>&nbsp;<\/p>\n<\/div>\n<\/div>\n<div class=\"itinerario__single ng-star-inserted\" style=\"text-align: center;\">\n<h3 style=\"text-align: center;\"><strong>D\u00eda 6: Maldivas<\/strong><\/h3>\n<div class=\"content\">\n<div class=\"content__description\">D\u00eda libre a tu disposici\u00f3n. Alojamiento en la habitaci\u00f3n y r\u00e9gimen seleccionado.<\/div>\n<p>&nbsp;<\/p>\n<\/div>\n<\/div>\n<div class=\"itinerario__single ng-star-inserted\" style=\"text-align: center;\">\n<h3 style=\"text-align: center;\"><strong>D\u00eda 7: Maldivas &#8211; Ciudad de orig\u00e9n<\/strong><\/h3>\n<div class=\"content\">\n<div class=\"content__description\">Traslado al aeropuerto (el traslado podr\u00e1 ser en lancha r\u00e1pida, hidroavi\u00f3n o vuelo interno + lancha r\u00e1pida, seg\u00fan hotel seleccionado) para el vuelo de regreso. Noche a bordo. (Con algunas compa\u00f1\u00edas el vuelo se hace diurno y se llega a la ciudad de origen este mismo d\u00eda, en lugar del d\u00eda siguiente).<\/div>\n<p>&nbsp;<\/p>\n<\/div>\n<\/div>\n<div class=\"itinerario__single ng-star-inserted\">\n<h3 style=\"text-align: center;\"><strong>D\u00eda 8: Ciudad de Origen<\/strong><\/h3>\n<div class=\"content\">\n<div class=\"content__description\" style=\"text-align: center;\">Llegada.<\/div>\n<\/div>\n<\/div>\n<\/div>\n<\/div>\n<p>[\/vc_column_text][\/vc_tta_section][vc_tta_section title=&#8221;Imagenes&#8221; tab_id=&#8221;1622476091053-f9a60a13-64da&#8221;][vc_single_image image=&#8221;1539&#8243; img_size=&#8221;full&#8221;][\/vc_tta_section][\/vc_tta_tabs][\/vc_column][vc_column width=&#8221;1\/3&#8243;]<div role=\"form\" class=\"wpcf7\" id=\"wpcf7-f1596-o1\" lang=\"en-US\" dir=\"ltr\">\n<div class=\"screen-reader-response\"><p role=\"status\" aria-live=\"polite\" aria-atomic=\"true\"><\/p> <ul><\/ul><\/div>\n<form action=\"\/index.php\/wp-json\/wp\/v2\/pages\/598#wpcf7-f1596-o1\" method=\"post\" class=\"wpcf7-form init\" novalidate=\"novalidate\" data-status=\"init\">\n<div style=\"display: none;\">\n<input type=\"hidden\" name=\"_wpcf7\" value=\"1596\" \/>\n<input type=\"hidden\" name=\"_wpcf7_version\" value=\"5.4\" \/>\n<input type=\"hidden\" name=\"_wpcf7_locale\" value=\"en_US\" \/>\n<input type=\"hidden\" name=\"_wpcf7_unit_tag\" value=\"wpcf7-f1596-o1\" \/>\n<input type=\"hidden\" name=\"_wpcf7_container_post\" value=\"0\" \/>\n<input type=\"hidden\" name=\"_wpcf7_posted_data_hash\" value=\"\" \/>\n<\/div>\n<div class=\"flex c_col\">\n<div class='itm row' >\n<label> Name*<br \/>\n    <span class=\"wpcf7-form-control-wrap your-name\"><input type=\"text\" name=\"your-name\" value=\"\" size=\"40\" class=\"wpcf7-form-control wpcf7-text wpcf7-validates-as-required\" aria-required=\"true\" aria-invalid=\"false\" \/><\/span> <\/label>\n<\/div>\n<div class='itm row'><label> E-mail*<br \/>\n    <span class=\"wpcf7-form-control-wrap your-email\"><input type=\"email\" name=\"your-email\" value=\"\" size=\"40\" class=\"wpcf7-form-control wpcf7-text wpcf7-email wpcf7-validates-as-required wpcf7-validates-as-email\" aria-required=\"true\" aria-invalid=\"false\" \/><\/span> <\/label>\n<\/div>\n<\/div>\n<div class='c_col'><label>Phone*<br \/>\n    <span class=\"wpcf7-form-control-wrap your-tel\"><input type=\"tel\" name=\"your-tel\" value=\"123-456-7890\" size=\"40\" class=\"wpcf7-form-control wpcf7-text wpcf7-tel wpcf7-validates-as-required wpcf7-validates-as-tel\" aria-required=\"true\" aria-invalid=\"false\" \/><\/span> <\/label><\/div>\n<div class='c_col'><label>Message*<br \/>\n    <span class=\"wpcf7-form-control-wrap your-message\"><textarea name=\"your-message\" cols=\"40\" rows=\"10\" class=\"wpcf7-form-control wpcf7-textarea wpcf7-validates-as-required\" aria-required=\"true\" aria-invalid=\"false\"><\/textarea><\/span> <\/label><\/div>\n<div class=\"sc_form_field sc_form_field_button sc_form_field_submit\"><input type=\"submit\" value=\"Send Message\" class=\"wpcf7-form-control wpcf7-submit\" \/><\/div>\n<div class=\"wpcf7-response-output\" aria-hidden=\"true\"><\/div><\/form><\/div>[vc_empty_space alter_height=&#8221;small&#8221; hide_on_desktop=&#8221;&#8221; hide_on_notebook=&#8221;&#8221; hide_on_tablet=&#8221;&#8221; hide_on_mobile=&#8221;&#8221;][vc_gallery interval=&#8221;3&#8243; images=&#8221;1578,1579,1577,1576&#8243;][\/vc_column][\/vc_row][vc_row][vc_column][vc_empty_space height=&#8221;70px&#8221; alter_height=&#8221;none&#8221; hide_on_desktop=&#8221;1&#8243; hide_on_notebook=&#8221;1&#8243; hide_on_tablet=&#8221;1&#8243; hide_on_mobile=&#8221;&#8221;][vc_empty_space height=&#8221;40px&#8221; alter_height=&#8221;none&#8221; hide_on_desktop=&#8221;&#8221; hide_on_notebook=&#8221;&#8221; hide_on_tablet=&#8221;1&#8243; hide_on_mobile=&#8221;1&#8243;]<div id=\"sc_services_1846738070\" class=\"sc_services color_style_default sc_services_light sc_services_featured_top\"><h1 class=\"sc_item_title sc_services_title sc_align_center sc_item_title_style_icon sc_item_title_tag\">Por qu\u00e9 los clientes nos eligen<\/h1><div class=\"sc_item_descr sc_services_descr sc_align_center\"><p>Viajar a traves del mundo ahora es mucho m\u00e1s f\u00e1cil.<\/p>\n<\/div><div class=\"sc_services_columns_wrap sc_item_columns sc_item_columns_3 trx_addons_columns_wrap columns_padding_bottom\"><div class=\"trx_addons_column-1_3\"><div class=\"sc_services_item with_content with_icon sc_services_item_featured_top\">\n\t<a href=\"https:\/\/lunasdemiel.voiash.es\/index.php\/services\/reliable-booking-system\/\"\n\t\t\t id=\"sc_services_1846738070_icon-location-1_1\"\n\t\t\t class=\"sc_services_item_icon icon-location-1\" style=\"color:#e0c82a\"><\/a>\t\n\t<div class=\"sc_services_item_info\">\n\t\t<div class=\"sc_services_item_header\">\n\t\t\t\t\t\t<h6 class=\"sc_services_item_title\"><a href=\"https:\/\/lunasdemiel.voiash.es\/index.php\/services\/reliable-booking-system\/\">Destino<\/a><\/h6>\n\t\t<\/div>\n\t\t\t<\/div>\n<\/div>\n<\/div><div class=\"trx_addons_column-1_3\"><div class=\"sc_services_item with_content with_icon sc_services_item_featured_top\">\n\t<a href=\"https:\/\/lunasdemiel.voiash.es\/index.php\/services\/get-travel-insurance\/\"\n\t\t\t id=\"sc_services_1846738070_icon-home-2_2\"\n\t\t\t class=\"sc_services_item_icon icon-home-2\" style=\"color:#e0c82a\"><\/a>\t\n\t<div class=\"sc_services_item_info\">\n\t\t<div class=\"sc_services_item_header\">\n\t\t\t\t\t\t<h6 class=\"sc_services_item_title\"><a href=\"https:\/\/lunasdemiel.voiash.es\/index.php\/services\/get-travel-insurance\/\">Alojamiento<\/a><\/h6>\n\t\t<\/div>\n\t\t\t<\/div>\n<\/div>\n<\/div><div class=\"trx_addons_column-1_3\"><div class=\"sc_services_item with_content with_icon sc_services_item_featured_top\">\n\t<a href=\"https:\/\/lunasdemiel.voiash.es\/index.php\/services\/world-class-service\/\"\n\t\t\t id=\"sc_services_1846738070_icon-play_3\"\n\t\t\t class=\"sc_services_item_icon icon-play\" style=\"color:#e0c82a\"><\/a>\t\n\t<div class=\"sc_services_item_info\">\n\t\t<div class=\"sc_services_item_header\">\n\t\t\t\t\t\t<h6 class=\"sc_services_item_title\"><a href=\"https:\/\/lunasdemiel.voiash.es\/index.php\/services\/world-class-service\/\">Actividades<\/a><\/h6>\n\t\t<\/div>\n\t\t\t<\/div>\n<\/div>\n<\/div><\/div><\/div><!-- \/.sc_services -->[vc_empty_space height=&#8221;11px&#8221; alter_height=&#8221;none&#8221; hide_on_desktop=&#8221;&#8221; hide_on_notebook=&#8221;&#8221; hide_on_tablet=&#8221;1&#8243; hide_on_mobile=&#8221;1&#8243;][vc_empty_space height=&#8221;60px&#8221; alter_height=&#8221;none&#8221; hide_on_desktop=&#8221;1&#8243; hide_on_notebook=&#8221;1&#8243; hide_on_tablet=&#8221;1&#8243; hide_on_mobile=&#8221;&#8221;][\/vc_column][\/vc_row][vc_row][vc_column][vc_empty_space height=&#8221;70px&#8221; alter_height=&#8221;none&#8221; hide_on_desktop=&#8221;1&#8243; hide_on_notebook=&#8221;1&#8243; hide_on_tablet=&#8221;1&#8243; hide_on_mobile=&#8221;&#8221;][vc_empty_space height=&#8221;40px&#8221; alter_height=&#8221;none&#8221; hide_on_desktop=&#8221;&#8221; hide_on_notebook=&#8221;&#8221; hide_on_tablet=&#8221;1&#8243; hide_on_mobile=&#8221;1&#8243;]<div id=\"sc_title_2035488354\"\n\t\tclass=\"sc_title color_style_default sc_title_default  vc_custom_1622479996148\"><h3 class=\"sc_item_title sc_title_title sc_align_center sc_item_title_style_default\">Productos Populares<\/h3><\/div><!-- \/.sc_title --><div class=\"woocommerce columns-4 \"><ul class=\"products columns-4\">\n<li class=\"product type-product post-560 status-publish first instock product_cat-tours product_tag-holiday product_tag-new product_tag-summer has-post-thumbnail shipping-taxable purchasable product-type-variable\">\n\t<\/li>\n<li class=\"product type-product post-450 status-publish instock product_cat-tours product_tag-holiday product_tag-new product_tag-summer has-post-thumbnail shipping-taxable purchasable product-type-variable\">\n\t<\/li>\n<li class=\"product type-product post-570 status-publish instock product_cat-tours product_tag-country product_tag-europe product_tag-tour has-post-thumbnail shipping-taxable purchasable product-type-variable\">\n\t<\/li>\n<li class=\"product type-product post-461 status-publish last instock product_cat-tours product_tag-holiday product_tag-new product_tag-summer has-post-thumbnail shipping-taxable purchasable product-type-variable\">\n\t<\/li>\n<\/ul>\n<\/div>[vc_empty_space height=&#8221;11px&#8221; alter_height=&#8221;none&#8221; hide_on_desktop=&#8221;&#8221; hide_on_notebook=&#8221;&#8221; hide_on_tablet=&#8221;1&#8243; hide_on_mobile=&#8221;1&#8243;][vc_empty_space height=&#8221;60px&#8221; alter_height=&#8221;none&#8221; hide_on_desktop=&#8221;1&#8243; hide_on_notebook=&#8221;1&#8243; hide_on_tablet=&#8221;1&#8243; hide_on_mobile=&#8221;&#8221;][\/vc_column][\/vc_row]<\/p>\n","protected":false},"excerpt":{"rendered":"<p>[vc_row][vc_column][vc_empty_space alter_height=&#8221;small&#8221; hide_on_desktop=&#8221;&#8221; hide_on_notebook=&#8221;&#8221; hide_on_tablet=&#8221;&#8221; hide_on_mobile=&#8221;&#8221;][\/vc_column][\/vc_row][vc_row][vc_column width=&#8221;2\/3&#8243;][vc_tta_tabs][vc_tta_section title=&#8221;Informacion&#8221; tab_id=&#8221;1622475466673-9b012c1e-a770&#8243;][vc_row_inner][vc_column_inner][vc_column_text]La duracion del viaje constara de 8 dias y 5 noches. El complejo tiene 2 piscinas de agua dulce al aire libre, 3 pistas de tenis y un centro de fitness. En&hellip;<\/p>\n","protected":false},"author":1,"featured_media":0,"parent":0,"menu_order":0,"comment_status":"closed","ping_status":"closed","template":"","meta":[],"_links":{"self":[{"href":"https:\/\/lunasdemiel.voiash.es\/index.php\/wp-json\/wp\/v2\/pages\/598"}],"collection":[{"href":"https:\/\/lunasdemiel.voiash.es\/index.php\/wp-json\/wp\/v2\/pages"}],"about":[{"href":"https:\/\/lunasdemiel.voiash.es\/index.php\/wp-json\/wp\/v2\/types\/page"}],"author":[{"embeddable":true,"href":"https:\/\/lunasdemiel.voiash.es\/index.php\/wp-json\/wp\/v2\/users\/1"}],"replies":[{"embeddable":true,"href":"https:\/\/lunasdemiel.voiash.es\/index.php\/wp-json\/wp\/v2\/comments?post=598"}],"version-history":[{"count":14,"href":"https:\/\/lunasdemiel.voiash.es\/index.php\/wp-json\/wp\/v2\/pages\/598\/revisions"}],"predecessor-version":[{"id":1599,"href":"https:\/\/lunasdemiel.voiash.es\/index.php\/wp-json\/wp\/v2\/pages\/598\/revisions\/1599"}],"wp:attachment":[{"href":"https:\/\/lunasdemiel.voiash.es\/index.php\/wp-json\/wp\/v2\/media?parent=598"}],"curies":[{"name":"wp","href":"https:\/\/api.w.org\/{rel}","templated":true}]}}